{"id":657,"date":"2019-07-15T06:12:09","date_gmt":"2019-07-15T06:12:09","guid":{"rendered":"http:\/\/glorybilisim.com\/index.php\/blog-masonry\/"},"modified":"2019-07-15T06:12:09","modified_gmt":"2019-07-15T06:12:09","slug":"blog-masonry","status":"publish","type":"page","link":"https:\/\/glorybilisim.com\/index.php\/blog-masonry\/","title":{"rendered":"Blog Masonry"},"content":{"rendered":"[vc_row][vc_column]<section id='blog-69f4e1573c3b3' class='clearfix news posts-grid layout-2'><div class='cws-vc-shortcode-wrapper'><div class='cws-vc-shortcode-grid grid layout-2 isotope'><article id='blog-post-69f4e1573d774' class=\"item post-item  post-638 post type-post status-publish format-standard has-post-thumbnail hentry category-masonry\"><div class='post-wrapper'><div class='post-media post-grid-media'><a href='https:\/\/glorybilisim.com\/index.php\/2019\/07\/15\/using-the-file-analyser\/' class='pic'><img src='https:\/\/glorybilisim.com\/wp-content\/uploads\/2019\/07\/post4.jpg' srcset='https:\/\/glorybilisim.com\/wp-content\/uploads\/2019\/07\/post4.jpg 1000w, https:\/\/glorybilisim.com\/wp-content\/uploads\/2019\/07\/post4-300x300.jpg 300w, https:\/\/glorybilisim.com\/wp-content\/uploads\/2019\/07\/post4-150x150.jpg 150w, https:\/\/glorybilisim.com\/wp-content\/uploads\/2019\/07\/post4-768x768.jpg 768w' sizes='(max-width: 767px) 100vw, 50vw' alt='post4'\/><\/a><\/div><div class='post-info'><div class=\"post-info-header\"><div class='post-meta-item post-category'><a href=\"https:\/\/glorybilisim.com\/index.php\/category\/masonry\/\" rel=\"category tag\">Masonry<\/a><\/div><\/div><h3 class='post-title'><a href='https:\/\/glorybilisim.com\/index.php\/2019\/07\/15\/using-the-file-analyser\/'>Using The File Analyser<\/a><\/h3><div class='post-content'><p>From site work to custom brick and stone masonry, Gardeny can install your project with its own talented artisans and quality landscaping equipment. Using our extensive<\/p>\n<\/div><div class='post-meta-wrapper'><\/div><div class='post-info-footer'><div class='post-meta-item post-author'><span class='post-author-avatar'><a href='https:\/\/glorybilisim.com\/index.php\/author\/a176b\/'><img alt='' src='https:\/\/secure.gravatar.com\/avatar\/3ece5d5d3d834cab842de4628f16af254e22361c137edd9c333b155389c5099d?s=35&#038;d=mm&#038;r=g' srcset='https:\/\/secure.gravatar.com\/avatar\/3ece5d5d3d834cab842de4628f16af254e22361c137edd9c333b155389c5099d?s=70&#038;d=mm&#038;r=g 2x' class='avatar avatar-35 photo' height='35' width='35' \/><\/a><\/span><span class='post-author-name'><a href=\"https:\/\/glorybilisim.com\/index.php\/author\/a176b\/\" title=\"a176b taraf\u0131ndan yaz\u0131lan yaz\u0131lar\" rel=\"author\">a176b<\/a><\/span><\/div><div class='post-date-special'><span class=\"day\">15<\/span><span class=\"month\">Tem<\/span><\/div><\/div><\/div><\/div><\/article><article id='blog-post-69f4e1573e544' class=\"item post-item  post-641 post type-post status-publish format-standard has-post-thumbnail hentry category-masonry\"><div class='post-wrapper'><div class='post-media post-grid-media'><a href='https:\/\/glorybilisim.com\/index.php\/2019\/07\/15\/seo-intrinsic-value\/' class='pic'><img src='https:\/\/glorybilisim.com\/wp-content\/uploads\/2019\/07\/post3.jpg' srcset='https:\/\/glorybilisim.com\/wp-content\/uploads\/2019\/07\/post3.jpg 1000w, https:\/\/glorybilisim.com\/wp-content\/uploads\/2019\/07\/post3-200x300.jpg 200w, https:\/\/glorybilisim.com\/wp-content\/uploads\/2019\/07\/post3-683x1024.jpg 683w, https:\/\/glorybilisim.com\/wp-content\/uploads\/2019\/07\/post3-768x1152.jpg 768w' sizes='(max-width: 767px) 100vw, 50vw' alt='post3'\/><\/a><\/div><div class='post-info'><div class=\"post-info-header\"><div class='post-meta-item post-category'><a href=\"https:\/\/glorybilisim.com\/index.php\/category\/masonry\/\" rel=\"category tag\">Masonry<\/a><\/div><\/div><h3 class='post-title'><a href='https:\/\/glorybilisim.com\/index.php\/2019\/07\/15\/seo-intrinsic-value\/'>SEO Intrinsic Value<\/a><\/h3><div class='post-content'><p>From site work to custom brick and stone masonry, Gardeny can install your project with its own talented artisans and quality landscaping equipment. Using our extensive<\/p>\n<\/div><div class='post-meta-wrapper'><\/div><div class='post-info-footer'><div class='post-meta-item post-author'><span class='post-author-avatar'><a href='https:\/\/glorybilisim.com\/index.php\/author\/a176b\/'><img alt='' src='https:\/\/secure.gravatar.com\/avatar\/3ece5d5d3d834cab842de4628f16af254e22361c137edd9c333b155389c5099d?s=35&#038;d=mm&#038;r=g' srcset='https:\/\/secure.gravatar.com\/avatar\/3ece5d5d3d834cab842de4628f16af254e22361c137edd9c333b155389c5099d?s=70&#038;d=mm&#038;r=g 2x' class='avatar avatar-35 photo' height='35' width='35' \/><\/a><\/span><span class='post-author-name'><a href=\"https:\/\/glorybilisim.com\/index.php\/author\/a176b\/\" title=\"a176b taraf\u0131ndan yaz\u0131lan yaz\u0131lar\" rel=\"author\">a176b<\/a><\/span><\/div><div class='post-date-special'><span class=\"day\">15<\/span><span class=\"month\">Tem<\/span><\/div><\/div><\/div><\/div><\/article><article id='blog-post-69f4e1573ee0f' class=\"item post-item  post-644 post type-post status-publish format-standard has-post-thumbnail hentry category-masonry\"><div class='post-wrapper'><div class='post-media post-grid-media'><a href='https:\/\/glorybilisim.com\/index.php\/2019\/07\/15\/pics-in-search-engine-optimization\/' class='pic'><img src='https:\/\/glorybilisim.com\/wp-content\/uploads\/2019\/07\/post6.jpg' srcset='https:\/\/glorybilisim.com\/wp-content\/uploads\/2019\/07\/post6.jpg 1000w, https:\/\/glorybilisim.com\/wp-content\/uploads\/2019\/07\/post6-300x300.jpg 300w, https:\/\/glorybilisim.com\/wp-content\/uploads\/2019\/07\/post6-150x150.jpg 150w, https:\/\/glorybilisim.com\/wp-content\/uploads\/2019\/07\/post6-768x768.jpg 768w' sizes='(max-width: 767px) 100vw, 50vw' alt='post6'\/><\/a><\/div><div class='post-info'><div class=\"post-info-header\"><div class='post-meta-item post-category'><a href=\"https:\/\/glorybilisim.com\/index.php\/category\/masonry\/\" rel=\"category tag\">Masonry<\/a><\/div><\/div><h3 class='post-title'><a href='https:\/\/glorybilisim.com\/index.php\/2019\/07\/15\/pics-in-search-engine-optimization\/'>Pics in Search Engine Optimization<\/a><\/h3><div class='post-content'><p>From site work to custom brick and stone masonry, Gardeny can install your project with its own talented artisans and quality landscaping equipment. Using our extensive<\/p>\n<\/div><div class='post-meta-wrapper'><\/div><div class='post-info-footer'><div class='post-meta-item post-author'><span class='post-author-avatar'><a href='https:\/\/glorybilisim.com\/index.php\/author\/a176b\/'><img alt='' src='https:\/\/secure.gravatar.com\/avatar\/3ece5d5d3d834cab842de4628f16af254e22361c137edd9c333b155389c5099d?s=35&#038;d=mm&#038;r=g' srcset='https:\/\/secure.gravatar.com\/avatar\/3ece5d5d3d834cab842de4628f16af254e22361c137edd9c333b155389c5099d?s=70&#038;d=mm&#038;r=g 2x' class='avatar avatar-35 photo' height='35' width='35' \/><\/a><\/span><span class='post-author-name'><a href=\"https:\/\/glorybilisim.com\/index.php\/author\/a176b\/\" title=\"a176b taraf\u0131ndan yaz\u0131lan yaz\u0131lar\" rel=\"author\">a176b<\/a><\/span><\/div><div class='post-date-special'><span class=\"day\">15<\/span><span class=\"month\">Tem<\/span><\/div><\/div><\/div><\/div><\/article><article id='blog-post-69f4e1573f797' class=\"item post-item  post-647 post type-post status-publish format-standard has-post-thumbnail hentry category-masonry\"><div class='post-wrapper'><div class='post-media post-grid-media'><a href='https:\/\/glorybilisim.com\/index.php\/2019\/07\/15\/social-media-optimization\/' class='pic'><img src='https:\/\/glorybilisim.com\/wp-content\/uploads\/2019\/07\/post2.jpg' srcset='https:\/\/glorybilisim.com\/wp-content\/uploads\/2019\/07\/post2.jpg 1000w, https:\/\/glorybilisim.com\/wp-content\/uploads\/2019\/07\/post2-200x300.jpg 200w, https:\/\/glorybilisim.com\/wp-content\/uploads\/2019\/07\/post2-683x1024.jpg 683w, https:\/\/glorybilisim.com\/wp-content\/uploads\/2019\/07\/post2-768x1152.jpg 768w' sizes='(max-width: 767px) 100vw, 50vw' alt='post2'\/><\/a><\/div><div class='post-info'><div class=\"post-info-header\"><div class='post-meta-item post-category'><a href=\"https:\/\/glorybilisim.com\/index.php\/category\/masonry\/\" rel=\"category tag\">Masonry<\/a><\/div><\/div><h3 class='post-title'><a href='https:\/\/glorybilisim.com\/index.php\/2019\/07\/15\/social-media-optimization\/'>Social Media Optimization<\/a><\/h3><div class='post-content'><p>From site work to custom brick and stone masonry, Gardeny can install your project with its own talented artisans and quality landscaping equipment. Using our extensive<\/p>\n<\/div><div class='post-meta-wrapper'><\/div><div class='post-info-footer'><div class='post-meta-item post-author'><span class='post-author-avatar'><a href='https:\/\/glorybilisim.com\/index.php\/author\/a176b\/'><img alt='' src='https:\/\/secure.gravatar.com\/avatar\/3ece5d5d3d834cab842de4628f16af254e22361c137edd9c333b155389c5099d?s=35&#038;d=mm&#038;r=g' srcset='https:\/\/secure.gravatar.com\/avatar\/3ece5d5d3d834cab842de4628f16af254e22361c137edd9c333b155389c5099d?s=70&#038;d=mm&#038;r=g 2x' class='avatar avatar-35 photo' height='35' width='35' \/><\/a><\/span><span class='post-author-name'><a href=\"https:\/\/glorybilisim.com\/index.php\/author\/a176b\/\" title=\"a176b taraf\u0131ndan yaz\u0131lan yaz\u0131lar\" rel=\"author\">a176b<\/a><\/span><\/div><div class='post-date-special'><span class=\"day\">15<\/span><span class=\"month\">Tem<\/span><\/div><\/div><\/div><\/div><\/article><article id='blog-post-69f4e15740032' class=\"item post-item  post-652 post type-post status-publish format-standard has-post-thumbnail hentry category-masonry\"><div class='post-wrapper'><div class='post-media post-grid-media'><a href='https:\/\/glorybilisim.com\/index.php\/2019\/07\/15\/online-business\/' class='pic'><img src='https:\/\/glorybilisim.com\/wp-content\/uploads\/2019\/07\/post5.jpg' srcset='https:\/\/glorybilisim.com\/wp-content\/uploads\/2019\/07\/post5.jpg 1000w, https:\/\/glorybilisim.com\/wp-content\/uploads\/2019\/07\/post5-300x300.jpg 300w, https:\/\/glorybilisim.com\/wp-content\/uploads\/2019\/07\/post5-150x150.jpg 150w, https:\/\/glorybilisim.com\/wp-content\/uploads\/2019\/07\/post5-768x768.jpg 768w' sizes='(max-width: 767px) 100vw, 50vw' alt='post5'\/><\/a><\/div><div class='post-info'><div class=\"post-info-header\"><div class='post-meta-item post-category'><a href=\"https:\/\/glorybilisim.com\/index.php\/category\/masonry\/\" rel=\"category tag\">Masonry<\/a><\/div><\/div><h3 class='post-title'><a href='https:\/\/glorybilisim.com\/index.php\/2019\/07\/15\/online-business\/'>Online Business<\/a><\/h3><div class='post-content'><p>From site work to custom brick and stone masonry, Gardeny can install your project with its own talented artisans and quality landscaping equipment. Using our extensive<\/p>\n<\/div><div class='post-meta-wrapper'><\/div><div class='post-info-footer'><div class='post-meta-item post-author'><span class='post-author-avatar'><a href='https:\/\/glorybilisim.com\/index.php\/author\/a176b\/'><img alt='' src='https:\/\/secure.gravatar.com\/avatar\/3ece5d5d3d834cab842de4628f16af254e22361c137edd9c333b155389c5099d?s=35&#038;d=mm&#038;r=g' srcset='https:\/\/secure.gravatar.com\/avatar\/3ece5d5d3d834cab842de4628f16af254e22361c137edd9c333b155389c5099d?s=70&#038;d=mm&#038;r=g 2x' class='avatar avatar-35 photo' height='35' width='35' \/><\/a><\/span><span class='post-author-name'><a href=\"https:\/\/glorybilisim.com\/index.php\/author\/a176b\/\" title=\"a176b taraf\u0131ndan yaz\u0131lan yaz\u0131lar\" rel=\"author\">a176b<\/a><\/span><\/div><div class='post-date-special'><span class=\"day\">15<\/span><span class=\"month\">Tem<\/span><\/div><\/div><\/div><\/div><\/article><article id='blog-post-69f4e15740f9d' class=\"item post-item  post-654 post type-post status-publish format-standard has-post-thumbnail hentry category-masonry\"><div class='post-wrapper'><div class='post-media post-grid-media'><a href='https:\/\/glorybilisim.com\/index.php\/2019\/07\/15\/branding-and-seo\/' class='pic'><img src='https:\/\/glorybilisim.com\/wp-content\/uploads\/2019\/07\/result_05.jpg' srcset='https:\/\/glorybilisim.com\/wp-content\/uploads\/2019\/07\/result_05.jpg 1000w, https:\/\/glorybilisim.com\/wp-content\/uploads\/2019\/07\/result_05-300x300.jpg 300w, https:\/\/glorybilisim.com\/wp-content\/uploads\/2019\/07\/result_05-150x150.jpg 150w, https:\/\/glorybilisim.com\/wp-content\/uploads\/2019\/07\/result_05-768x768.jpg 768w' sizes='(max-width: 767px) 100vw, 50vw' alt='result_05'\/><\/a><\/div><div class='post-info'><div class=\"post-info-header\"><div class='post-meta-item post-category'><a href=\"https:\/\/glorybilisim.com\/index.php\/category\/masonry\/\" rel=\"category tag\">Masonry<\/a><\/div><\/div><h3 class='post-title'><a href='https:\/\/glorybilisim.com\/index.php\/2019\/07\/15\/branding-and-seo\/'>Implementation of a Robust<\/a><\/h3><div class='post-content'><p>From site work to custom brick and stone masonry, Gardeny can install your project with its own talented artisans and quality landscaping equipment. Using our extensive<\/p>\n<\/div><div class='post-meta-wrapper'><\/div><div class='post-info-footer'><div class='post-meta-item post-author'><span class='post-author-avatar'><a href='https:\/\/glorybilisim.com\/index.php\/author\/a176b\/'><img alt='' src='https:\/\/secure.gravatar.com\/avatar\/3ece5d5d3d834cab842de4628f16af254e22361c137edd9c333b155389c5099d?s=35&#038;d=mm&#038;r=g' srcset='https:\/\/secure.gravatar.com\/avatar\/3ece5d5d3d834cab842de4628f16af254e22361c137edd9c333b155389c5099d?s=70&#038;d=mm&#038;r=g 2x' class='avatar avatar-35 photo' height='35' width='35' \/><\/a><\/span><span class='post-author-name'><a href=\"https:\/\/glorybilisim.com\/index.php\/author\/a176b\/\" title=\"a176b taraf\u0131ndan yaz\u0131lan yaz\u0131lar\" rel=\"author\">a176b<\/a><\/span><\/div><div class='post-date-special'><span class=\"day\">15<\/span><span class=\"month\">Tem<\/span><\/div><\/div><\/div><\/div><\/article><\/div><\/div><\/section>[\/vc_column][\/vc_row]\n","protected":false},"excerpt":{"rendered":"From site work to custom brick and stone masonry, Gardeny can install your project with its own talented artisans and quality landscaping equipment. Using our extensive knowledge of soils, plants, landscape materials, and construction techniques, we are well qualified for any size project. We employ all our resources to achieve the best possible results, no matter the scale. Our distinctive water features will introduce sound and motion into your landscape experience.The element of water will release your stress and introduce you to the essence of nature herself. No two water gardens are alike, yet most are similar. Constructed of quality components and natural materials, our water features compliment any setting. Gardeny plants and trees are grown at our own NC Certified Nursery in Durham. Our NC Certified Plant Professional and staff horticulturist have collaborated to create one of the best nursery resources in the Triangle. We offer Landscape Investment Plants and Trees that will return dividends in growth, beauty, and value throughout the life of your landscape. Gardeny plants and trees are grown at our own NC Certified Nursery in Durham. Our NC Certified Plant Professional and staff horticulturist have collaborated to create one of the best nursery resources in the Triangle. We offer Landscape Investment Plants and Trees that will return dividends in growth, beauty, and value throughout the life of your landscape. Nulla libero massa, rhoncus in sem semper, suscipit gravida ante. Mauris erat massa, imperdiet quis turpis nec, faucibus aliquam metus. Donec ut egestas orci. Ut augue enim, tempus sit amet quam vel, cursus elementum nulla. Vestibulum ante ipsum primis in faucibus orci luctus et ultrices posuere cubilia Curae. Etiam ac metus ac enim egestas euismod quis sed dolor. Aliquam eget tellus enim. Praeggsent eu tristique leo, ut ornare purus. Pellentesque augue libero, dignissim vel odio sed, fringilla pretium nisl. Phasellus iaculis tellus id odio suscipit, at cursus leo mattis. Praesent elementum scelerisque lacus, eu porta ex eleifend aliquet. Mauris odio erat, efficitur non dolor at, tincidunt vestibulum lectus. Inara Wolf, Ramos inc. Ut augue enim, tempus sit amet quam vel, cursus elementum nulla. Vestibulum ante ipsum primis in faucibus orci luctus et ultrices posuere cubilia Curae. Etiam ac metus ac enim egestas euismod quis sed dolor. Aliquam eget tellus enim. Praesent eu tristique leo, ut ornare purus. Pellentesque augue libero, dignissim vel odio sed, fringilla pretium nisl. Nulla libero massa, rhoncus in sem semper, suscipit gravida ante. Mauris erat massa, imperdiet quis turpis nec, faucibus aliquam metus. Donec ut egestas orci.","protected":false},"author":1,"featured_media":0,"parent":0,"menu_order":0,"comment_status":"closed","ping_status":"closed","template":"","meta":{"footnotes":""},"class_list":["post-657","page","type-page","status-publish","hentry"],"_links":{"self":[{"href":"https:\/\/glorybilisim.com\/index.php\/wp-json\/wp\/v2\/pages\/657","targetHints":{"allow":["GET"]}}],"collection":[{"href":"https:\/\/glorybilisim.com\/index.php\/wp-json\/wp\/v2\/pages"}],"about":[{"href":"https:\/\/glorybilisim.com\/index.php\/wp-json\/wp\/v2\/types\/page"}],"author":[{"embeddable":true,"href":"https:\/\/glorybilisim.com\/index.php\/wp-json\/wp\/v2\/users\/1"}],"replies":[{"embeddable":true,"href":"https:\/\/glorybilisim.com\/index.php\/wp-json\/wp\/v2\/comments?post=657"}],"version-history":[{"count":0,"href":"https:\/\/glorybilisim.com\/index.php\/wp-json\/wp\/v2\/pages\/657\/revisions"}],"wp:attachment":[{"href":"https:\/\/glorybilisim.com\/index.php\/wp-json\/wp\/v2\/media?parent=657"}],"curies":[{"name":"wp","href":"https:\/\/api.w.org\/{rel}","templated":true}]}}